{"id":2171,"date":"2021-03-03T14:26:32","date_gmt":"2021-03-03T19:26:32","guid":{"rendered":"https:\/\/www.casadelhidalgo.com\/?page_id=2171"},"modified":"2025-05-26T20:59:07","modified_gmt":"2025-05-27T01:59:07","slug":"politica-de-calidad-y-sostenibilidad","status":"publish","type":"page","link":"https:\/\/www.casadelhidalgo.com\/en\/politica-de-calidad-y-sostenibilidad\/","title":{"rendered":"Pol\u00edtica de calidad y sostenibilidad"},"content":{"rendered":"<div data-elementor-type=\"wp-page\" data-elementor-id=\"2171\" class=\"elementor elementor-2171\" data-elementor-post-type=\"page\">\n\t\t\t\t\t\t<section class=\"elementor-section elementor-top-section elementor-element elementor-element-e472f0d elementor-section-height-min-height elementor-section-stretched elementor-section-items-bottom elementor-section-content-bottom elementor-section-boxed elementor-section-height-default\" data-id=\"e472f0d\" data-element_type=\"section\" data-settings=\"{&quot;stretch_section&quot;:&quot;section-stretched&quot;,&quot;background_background&quot;:&quot;classic&quot;}\">\n\t\t\t\t\t\t\t<div class=\"elementor-background-overlay\"><\/div>\n\t\t\t\t\t\t\t<div class=\"elementor-container elementor-column-gap-default\">\n\t\t\t\t\t<div class=\"elementor-column elementor-col-100 elementor-top-column elementor-element elementor-element-1798a7a\" data-id=\"1798a7a\" data-element_type=\"column\">\n\t\t\t<div class=\"elementor-widget-wrap\">\n\t\t\t\t\t\t\t<\/div>\n\t\t<\/div>\n\t\t\t\t\t<\/div>\n\t\t<\/section>\n\t\t\t\t<section class=\"elementor-section elementor-top-section elementor-element elementor-element-0d5e190 elementor-section-boxed elementor-section-height-default elementor-section-height-default\" data-id=\"0d5e190\" data-element_type=\"section\">\n\t\t\t\t\t\t<div class=\"elementor-container elementor-column-gap-default\">\n\t\t\t\t\t<div class=\"elementor-column elementor-col-100 elementor-top-column elementor-element elementor-element-5fbf427\" data-id=\"5fbf427\" data-element_type=\"column\">\n\t\t\t<div class=\"elementor-widget-wrap elementor-element-populated\">\n\t\t\t\t\t\t<div class=\"elementor-element elementor-element-c1c8b12 elementor-widget elementor-widget-heading\" data-id=\"c1c8b12\" data-element_type=\"widget\" data-widget_type=\"heading.default\">\n\t\t\t\t<div class=\"elementor-widget-container\">\n\t\t\t\t\t<h2 class=\"elementor-heading-title elementor-size-default\">Boutique Hotel  <br>  Estancia Casa del Hidalgo<\/h2>\t\t\t\t<\/div>\n\t\t\t\t<\/div>\n\t\t\t\t<div class=\"elementor-element elementor-element-55fc4b9 elementor-widget elementor-widget-heading\" data-id=\"55fc4b9\" data-element_type=\"widget\" data-widget_type=\"heading.default\">\n\t\t\t\t<div class=\"elementor-widget-container\">\n\t\t\t\t\t<h2 class=\"elementor-heading-title elementor-size-default\">POL\u00cdTICA DE CALIDAD\nY SOSTENIBILIDAD<\/h2>\t\t\t\t<\/div>\n\t\t\t\t<\/div>\n\t\t\t\t\t<\/div>\n\t\t<\/div>\n\t\t\t\t\t<\/div>\n\t\t<\/section>\n\t\t\t\t<section class=\"elementor-section elementor-top-section elementor-element elementor-element-88f5df5 elementor-section-boxed elementor-section-height-default elementor-section-height-default\" data-id=\"88f5df5\" data-element_type=\"section\">\n\t\t\t\t\t\t<div class=\"elementor-container elementor-column-gap-default\">\n\t\t\t\t\t<div class=\"elementor-column elementor-col-100 elementor-top-column elementor-element elementor-element-38ea2cd\" data-id=\"38ea2cd\" data-element_type=\"column\">\n\t\t\t<div class=\"elementor-widget-wrap elementor-element-populated\">\n\t\t\t\t\t\t<div class=\"elementor-element elementor-element-8fbe0c7 elementor-widget elementor-widget-text-editor\" data-id=\"8fbe0c7\" data-element_type=\"widget\" data-widget_type=\"text-editor.default\">\n\t\t\t\t<div class=\"elementor-widget-container\">\n\t\t\t\t\t\t\t\t\t<p>Las pol\u00edticas de calidad y sostenibilidad son una prioridad para nuestro Hotel Boutique Estancia Casa del Hidalgo, por ello nos aseguramos de que nuestros clientes reciban un servicio personalizado en un entorno de hospitalidad, amabilidad y excelencia; trabajamos con un equipo humano competente, empoderado y comprometido que a trav\u00e9s de procesos y pr\u00e1cticas de calidad permite asegurar la fidelizaci\u00f3n de nuestros clientes y garantizar la mejora continua con el fin de obtener el \u00f3ptimo retorno de la inversi\u00f3n logrando la sostenibilidad empresarial. Nos comprometemos a minimizar los impactos negativos en los recursos ambientales, socioculturales y econ\u00f3micos, bas\u00e1ndonos en principios de sostenibilidad, propendemos porque nuestros colaboradores, hu\u00e9spedes, clientes y proveedores sean part\u00edcipes en la promoci\u00f3n y conservaci\u00f3n del patrimonio cultural y natural mediante acciones y programas que aporten a su preservaci\u00f3n y uso racional de los recursos naturales, sin afectar la satisfacci\u00f3n del cliente y beneficiando la comunidad y cumpliendo con los requisitos aplicables. As\u00ed mismo, nuestros aliados conocen y se encuentran comprometidos con la protecci\u00f3n de los ni\u00f1os, ni\u00f1as, y adolescentes, con lo cual prevenimos cualquier forma de explotaci\u00f3n infantil. Objetivos de Sostenibilidad<\/p><p>1. Desarrollar las habilidades de los colaboradores a partir de las necesidades reales, aportando con este al desarrollo y fortalecimiento de sus competencias, de modo que ejecute las tareas y funciones asociadas a su puesto de trabajo de forma eficiente.<\/p><p>2. Garantizar que se ejecuten acciones encaminadas a la minimizaci\u00f3n y adecuado uso de los productos qu\u00edmicos estableciendo desde su selecci\u00f3n que sean amigables con el medio ambiente y establecer verificaci\u00f3n correspondiente.<\/p><p>3. Localizar las fuentes directas de contaminaci\u00f3n ambiental, visual y auditiva e implementar estrategias que disminuyan su impacto evaluando si se llevan a cabo.<\/p><p>4. Reducir el consumo de los recursos (agua, luz y combustibles) en el hotel, implementando las actividades establecidas.<\/p><p>5. Control del manejo de residuos en el Hotel, a trav\u00e9s de la implementaci\u00f3n de nuevas t\u00e9cnicas en la recolecci\u00f3n desde la fuente, hasta la organizaci\u00f3n, clasificaci\u00f3n y salida de los residuos del hotel.<\/p><p>6. Propender por eliminar cualquier elemento de pl\u00e1stico de un solo uso en nuestro hotel reemplaz\u00e1ndolos por alternativas biodegradables, reutilizables, reciclables y\/o recicladas.<\/p><p>7. La utilizaci\u00f3n en el establecimiento de luminarias con sensor que reduzcan el consumo energ\u00e9tico.<\/p><p>8. El uso de habladores informativos que permitan al hu\u00e9sped reflexionar sobre el uso racional de los recursos.<\/p><p>9. Planear, ejecutar, verificar y desarrollar actividades preventivas y correctivas con el prop\u00f3sito de mantener en condiciones de presentaci\u00f3n, confort y disponibilidad la estructura locativa del Hotel y en buen funcionamiento los equipos de operaci\u00f3n.<\/p><p>10. Promover en los colaboradores, hu\u00e9spedes y clientes, el conocimiento sobre el patrimonio cultural, la fauna y flora de la ciudad, previniendo la generaci\u00f3n de impactos negativos.<\/p>\t\t\t\t\t\t\t\t<\/div>\n\t\t\t\t<\/div>\n\t\t\t\t\t<\/div>\n\t\t<\/div>\n\t\t\t\t\t<\/div>\n\t\t<\/section>\n\t\t\t\t<\/div>","protected":false},"excerpt":{"rendered":"<p>Hotel Boutique Estancia Casa del Hidalgo POL\u00cdTICA DE CALIDAD Y SOSTENIBILIDAD Las pol\u00edticas de calidad y sostenibilidad son una prioridad para nuestro Hotel Boutique Estancia Casa del Hidalgo, por ello nos aseguramos de que nuestros clientes reciban un servicio personalizado en un entorno de hospitalidad, amabilidad y excelencia; trabajamos con un equipo humano competente, empoderado [&hellip;]<\/p>","protected":false},"author":1,"featured_media":0,"parent":0,"menu_order":0,"comment_status":"closed","ping_status":"closed","template":"","meta":{"ocean_post_layout":"full-screen","ocean_both_sidebars_style":"","ocean_both_sidebars_content_width":0,"ocean_both_sidebars_sidebars_width":0,"ocean_sidebar":"0","ocean_second_sidebar":"0","ocean_disable_margins":"enable","ocean_add_body_class":"","ocean_shortcode_before_top_bar":"","ocean_shortcode_after_top_bar":"","ocean_shortcode_before_header":"","ocean_shortcode_after_header":"","ocean_has_shortcode":"","ocean_shortcode_after_title":"","ocean_shortcode_before_footer_widgets":"","ocean_shortcode_after_footer_widgets":"","ocean_shortcode_before_footer_bottom":"","ocean_shortcode_after_footer_bottom":"","ocean_display_top_bar":"default","ocean_display_header":"default","ocean_header_style":"","ocean_center_header_left_menu":"0","ocean_custom_header_template":"0","ocean_custom_logo":0,"ocean_custom_retina_logo":0,"ocean_custom_logo_max_width":0,"ocean_custom_logo_tablet_max_width":0,"ocean_custom_logo_mobile_max_width":0,"ocean_custom_logo_max_height":0,"ocean_custom_logo_tablet_max_height":0,"ocean_custom_logo_mobile_max_height":0,"ocean_header_custom_menu":"0","ocean_menu_typo_font_family":"0","ocean_menu_typo_font_subset":"","ocean_menu_typo_font_size":0,"ocean_menu_typo_font_size_tablet":0,"ocean_menu_typo_font_size_mobile":0,"ocean_menu_typo_font_size_unit":"px","ocean_menu_typo_font_weight":"","ocean_menu_typo_font_weight_tablet":"","ocean_menu_typo_font_weight_mobile":"","ocean_menu_typo_transform":"","ocean_menu_typo_transform_tablet":"","ocean_menu_typo_transform_mobile":"","ocean_menu_typo_line_height":0,"ocean_menu_typo_line_height_tablet":0,"ocean_menu_typo_line_height_mobile":0,"ocean_menu_typo_line_height_unit":"","ocean_menu_typo_spacing":0,"ocean_menu_typo_spacing_tablet":0,"ocean_menu_typo_spacing_mobile":0,"ocean_menu_typo_spacing_unit":"","ocean_menu_link_color":"","ocean_menu_link_color_hover":"","ocean_menu_link_color_active":"","ocean_menu_link_background":"","ocean_menu_link_hover_background":"","ocean_menu_link_active_background":"","ocean_menu_social_links_bg":"","ocean_menu_social_hover_links_bg":"","ocean_menu_social_links_color":"","ocean_menu_social_hover_links_color":"","ocean_disable_title":"on","ocean_disable_heading":"default","ocean_post_title":"","ocean_post_subheading":"","ocean_post_title_style":"","ocean_post_title_background_color":"","ocean_post_title_background":0,"ocean_post_title_bg_image_position":"","ocean_post_title_bg_image_attachment":"","ocean_post_title_bg_image_repeat":"","ocean_post_title_bg_image_size":"","ocean_post_title_height":0,"ocean_post_title_bg_overlay":0.5,"ocean_post_title_bg_overlay_color":"","ocean_disable_breadcrumbs":"default","ocean_breadcrumbs_color":"","ocean_breadcrumbs_separator_color":"","ocean_breadcrumbs_links_color":"","ocean_breadcrumbs_links_hover_color":"","ocean_display_footer_widgets":"default","ocean_display_footer_bottom":"default","ocean_custom_footer_template":"0","footnotes":""},"class_list":["post-2171","page","type-page","status-publish","hentry","entry"],"yoast_head":"<!-- This site is optimized with the Yoast SEO plugin v27.3 - https:\/\/yoast.com\/product\/yoast-seo-wordpress\/ -->\n<title>Pol\u00edtica de calidad y sostenibilidad - Casa del hidalgo<\/title>\n<meta name=\"robots\" content=\"index, follow, max-snippet:-1, max-image-preview:large, max-video-preview:-1\" \/>\n<link rel=\"canonical\" href=\"https:\/\/www.casadelhidalgo.com\/en\/politica-de-calidad-y-sostenibilidad\/\" \/>\n<meta property=\"og:locale\" content=\"en_US\" \/>\n<meta property=\"og:type\" content=\"article\" \/>\n<meta property=\"og:title\" content=\"Pol\u00edtica de calidad y sostenibilidad - Casa del hidalgo\" \/>\n<meta property=\"og:description\" content=\"Hotel Boutique Estancia Casa del Hidalgo POL\u00cdTICA DE CALIDAD Y SOSTENIBILIDAD Las pol\u00edticas de calidad y sostenibilidad son una prioridad para nuestro Hotel Boutique Estancia Casa del Hidalgo, por ello nos aseguramos de que nuestros clientes reciban un servicio personalizado en un entorno de hospitalidad, amabilidad y excelencia; trabajamos con un equipo humano competente, empoderado [&hellip;]\" \/>\n<meta property=\"og:url\" content=\"https:\/\/www.casadelhidalgo.com\/en\/politica-de-calidad-y-sostenibilidad\/\" \/>\n<meta property=\"og:site_name\" content=\"Casa del hidalgo\" \/>\n<meta property=\"article:publisher\" content=\"https:\/\/www.facebook.com\/casadelhidalgo\" \/>\n<meta property=\"article:modified_time\" content=\"2025-05-27T01:59:07+00:00\" \/>\n<meta name=\"twitter:card\" content=\"summary_large_image\" \/>\n<meta name=\"twitter:label1\" content=\"Est. reading time\" \/>\n\t<meta name=\"twitter:data1\" content=\"2 minutes\" \/>\n<script type=\"application\/ld+json\" class=\"yoast-schema-graph\">{\"@context\":\"https:\\\/\\\/schema.org\",\"@graph\":[{\"@type\":\"WebPage\",\"@id\":\"https:\\\/\\\/www.casadelhidalgo.com\\\/politica-de-calidad-y-sostenibilidad\\\/\",\"url\":\"https:\\\/\\\/www.casadelhidalgo.com\\\/politica-de-calidad-y-sostenibilidad\\\/\",\"name\":\"Pol\u00edtica de calidad y sostenibilidad - Casa del hidalgo\",\"isPartOf\":{\"@id\":\"https:\\\/\\\/www.casadelhidalgo.com\\\/#website\"},\"datePublished\":\"2021-03-03T19:26:32+00:00\",\"dateModified\":\"2025-05-27T01:59:07+00:00\",\"breadcrumb\":{\"@id\":\"https:\\\/\\\/www.casadelhidalgo.com\\\/politica-de-calidad-y-sostenibilidad\\\/#breadcrumb\"},\"inLanguage\":\"en-US\",\"potentialAction\":[{\"@type\":\"ReadAction\",\"target\":[\"https:\\\/\\\/www.casadelhidalgo.com\\\/politica-de-calidad-y-sostenibilidad\\\/\"]}]},{\"@type\":\"BreadcrumbList\",\"@id\":\"https:\\\/\\\/www.casadelhidalgo.com\\\/politica-de-calidad-y-sostenibilidad\\\/#breadcrumb\",\"itemListElement\":[{\"@type\":\"ListItem\",\"position\":1,\"name\":\"Portada\",\"item\":\"https:\\\/\\\/www.casadelhidalgo.com\\\/\"},{\"@type\":\"ListItem\",\"position\":2,\"name\":\"Pol\u00edtica de calidad y sostenibilidad\"}]},{\"@type\":\"WebSite\",\"@id\":\"https:\\\/\\\/www.casadelhidalgo.com\\\/#website\",\"url\":\"https:\\\/\\\/www.casadelhidalgo.com\\\/\",\"name\":\"Casa del hidalgo\",\"description\":\"Casa del hidalgo\",\"publisher\":{\"@id\":\"https:\\\/\\\/www.casadelhidalgo.com\\\/#organization\"},\"potentialAction\":[{\"@type\":\"SearchAction\",\"target\":{\"@type\":\"EntryPoint\",\"urlTemplate\":\"https:\\\/\\\/www.casadelhidalgo.com\\\/?s={search_term_string}\"},\"query-input\":{\"@type\":\"PropertyValueSpecification\",\"valueRequired\":true,\"valueName\":\"search_term_string\"}}],\"inLanguage\":\"en-US\"},{\"@type\":\"Organization\",\"@id\":\"https:\\\/\\\/www.casadelhidalgo.com\\\/#organization\",\"name\":\"Casa del hidalgo\",\"url\":\"https:\\\/\\\/www.casadelhidalgo.com\\\/\",\"logo\":{\"@type\":\"ImageObject\",\"inLanguage\":\"en-US\",\"@id\":\"https:\\\/\\\/www.casadelhidalgo.com\\\/#\\\/schema\\\/logo\\\/image\\\/\",\"url\":\"https:\\\/\\\/www.casadelhidalgo.com\\\/wp-content\\\/uploads\\\/2021\\\/03\\\/logo_dorado.png\",\"contentUrl\":\"https:\\\/\\\/www.casadelhidalgo.com\\\/wp-content\\\/uploads\\\/2021\\\/03\\\/logo_dorado.png\",\"width\":858,\"height\":471,\"caption\":\"Casa del hidalgo\"},\"image\":{\"@id\":\"https:\\\/\\\/www.casadelhidalgo.com\\\/#\\\/schema\\\/logo\\\/image\\\/\"},\"sameAs\":[\"https:\\\/\\\/www.facebook.com\\\/casadelhidalgo\",\"https:\\\/\\\/www.instagram.com\\\/casadelhidalgo\"]}]}<\/script>\n<!-- \/ Yoast SEO plugin. -->","yoast_head_json":{"title":"Pol\u00edtica de calidad y sostenibilidad - Casa del hidalgo","robots":{"index":"index","follow":"follow","max-snippet":"max-snippet:-1","max-image-preview":"max-image-preview:large","max-video-preview":"max-video-preview:-1"},"canonical":"https:\/\/www.casadelhidalgo.com\/en\/politica-de-calidad-y-sostenibilidad\/","og_locale":"en_US","og_type":"article","og_title":"Pol\u00edtica de calidad y sostenibilidad - Casa del hidalgo","og_description":"Hotel Boutique Estancia Casa del Hidalgo POL\u00cdTICA DE CALIDAD Y SOSTENIBILIDAD Las pol\u00edticas de calidad y sostenibilidad son una prioridad para nuestro Hotel Boutique Estancia Casa del Hidalgo, por ello nos aseguramos de que nuestros clientes reciban un servicio personalizado en un entorno de hospitalidad, amabilidad y excelencia; trabajamos con un equipo humano competente, empoderado [&hellip;]","og_url":"https:\/\/www.casadelhidalgo.com\/en\/politica-de-calidad-y-sostenibilidad\/","og_site_name":"Casa del hidalgo","article_publisher":"https:\/\/www.facebook.com\/casadelhidalgo","article_modified_time":"2025-05-27T01:59:07+00:00","twitter_card":"summary_large_image","twitter_misc":{"Est. reading time":"2 minutes"},"schema":{"@context":"https:\/\/schema.org","@graph":[{"@type":"WebPage","@id":"https:\/\/www.casadelhidalgo.com\/politica-de-calidad-y-sostenibilidad\/","url":"https:\/\/www.casadelhidalgo.com\/politica-de-calidad-y-sostenibilidad\/","name":"Pol\u00edtica de calidad y sostenibilidad - Casa del hidalgo","isPartOf":{"@id":"https:\/\/www.casadelhidalgo.com\/#website"},"datePublished":"2021-03-03T19:26:32+00:00","dateModified":"2025-05-27T01:59:07+00:00","breadcrumb":{"@id":"https:\/\/www.casadelhidalgo.com\/politica-de-calidad-y-sostenibilidad\/#breadcrumb"},"inLanguage":"en-US","potentialAction":[{"@type":"ReadAction","target":["https:\/\/www.casadelhidalgo.com\/politica-de-calidad-y-sostenibilidad\/"]}]},{"@type":"BreadcrumbList","@id":"https:\/\/www.casadelhidalgo.com\/politica-de-calidad-y-sostenibilidad\/#breadcrumb","itemListElement":[{"@type":"ListItem","position":1,"name":"Portada","item":"https:\/\/www.casadelhidalgo.com\/"},{"@type":"ListItem","position":2,"name":"Pol\u00edtica de calidad y sostenibilidad"}]},{"@type":"WebSite","@id":"https:\/\/www.casadelhidalgo.com\/#website","url":"https:\/\/www.casadelhidalgo.com\/","name":"Casa del hidalgo","description":"Casa del hidalgo","publisher":{"@id":"https:\/\/www.casadelhidalgo.com\/#organization"},"potentialAction":[{"@type":"SearchAction","target":{"@type":"EntryPoint","urlTemplate":"https:\/\/www.casadelhidalgo.com\/?s={search_term_string}"},"query-input":{"@type":"PropertyValueSpecification","valueRequired":true,"valueName":"search_term_string"}}],"inLanguage":"en-US"},{"@type":"Organization","@id":"https:\/\/www.casadelhidalgo.com\/#organization","name":"Casa del hidalgo","url":"https:\/\/www.casadelhidalgo.com\/","logo":{"@type":"ImageObject","inLanguage":"en-US","@id":"https:\/\/www.casadelhidalgo.com\/#\/schema\/logo\/image\/","url":"https:\/\/www.casadelhidalgo.com\/wp-content\/uploads\/2021\/03\/logo_dorado.png","contentUrl":"https:\/\/www.casadelhidalgo.com\/wp-content\/uploads\/2021\/03\/logo_dorado.png","width":858,"height":471,"caption":"Casa del hidalgo"},"image":{"@id":"https:\/\/www.casadelhidalgo.com\/#\/schema\/logo\/image\/"},"sameAs":["https:\/\/www.facebook.com\/casadelhidalgo","https:\/\/www.instagram.com\/casadelhidalgo"]}]}},"_links":{"self":[{"href":"https:\/\/www.casadelhidalgo.com\/en\/wp-json\/wp\/v2\/pages\/2171","targetHints":{"allow":["GET"]}}],"collection":[{"href":"https:\/\/www.casadelhidalgo.com\/en\/wp-json\/wp\/v2\/pages"}],"about":[{"href":"https:\/\/www.casadelhidalgo.com\/en\/wp-json\/wp\/v2\/types\/page"}],"author":[{"embeddable":true,"href":"https:\/\/www.casadelhidalgo.com\/en\/wp-json\/wp\/v2\/users\/1"}],"replies":[{"embeddable":true,"href":"https:\/\/www.casadelhidalgo.com\/en\/wp-json\/wp\/v2\/comments?post=2171"}],"version-history":[{"count":0,"href":"https:\/\/www.casadelhidalgo.com\/en\/wp-json\/wp\/v2\/pages\/2171\/revisions"}],"wp:attachment":[{"href":"https:\/\/www.casadelhidalgo.com\/en\/wp-json\/wp\/v2\/media?parent=2171"}],"curies":[{"name":"wp","href":"https:\/\/api.w.org\/{rel}","templated":true}]}}