{"id":2144,"date":"2021-03-03T14:10:04","date_gmt":"2021-03-03T19:10:04","guid":{"rendered":"https:\/\/www.casadelhidalgo.com\/?page_id=2144"},"modified":"2025-05-26T20:47:06","modified_gmt":"2025-05-27T01:47:06","slug":"codigo-de-conducta","status":"publish","type":"page","link":"https:\/\/www.casadelhidalgo.com\/en\/codigo-de-conducta\/","title":{"rendered":"Code of conduct"},"content":{"rendered":"<div data-elementor-type=\"wp-page\" data-elementor-id=\"2144\" class=\"elementor elementor-2144\" data-elementor-post-type=\"page\">\n\t\t\t\t\t\t<section class=\"elementor-section elementor-top-section elementor-element elementor-element-194f99c elementor-section-height-min-height elementor-section-stretched elementor-section-items-bottom elementor-section-content-bottom elementor-section-boxed elementor-section-height-default\" data-id=\"194f99c\" data-element_type=\"section\" data-settings=\"{&quot;stretch_section&quot;:&quot;section-stretched&quot;,&quot;background_background&quot;:&quot;classic&quot;}\">\n\t\t\t\t\t\t\t<div class=\"elementor-background-overlay\"><\/div>\n\t\t\t\t\t\t\t<div class=\"elementor-container elementor-column-gap-default\">\n\t\t\t\t\t<div class=\"elementor-column elementor-col-100 elementor-top-column elementor-element elementor-element-07424f4\" data-id=\"07424f4\" data-element_type=\"column\">\n\t\t\t<div class=\"elementor-widget-wrap\">\n\t\t\t\t\t\t\t<\/div>\n\t\t<\/div>\n\t\t\t\t\t<\/div>\n\t\t<\/section>\n\t\t\t\t<section class=\"elementor-section elementor-top-section elementor-element elementor-element-ae7f7c7 elementor-section-boxed elementor-section-height-default elementor-section-height-default\" data-id=\"ae7f7c7\" data-element_type=\"section\">\n\t\t\t\t\t\t<div class=\"elementor-container elementor-column-gap-default\">\n\t\t\t\t\t<div class=\"elementor-column elementor-col-100 elementor-top-column elementor-element elementor-element-00f350b\" data-id=\"00f350b\" data-element_type=\"column\">\n\t\t\t<div class=\"elementor-widget-wrap elementor-element-populated\">\n\t\t\t\t\t\t<div class=\"elementor-element elementor-element-74b5f3c elementor-widget elementor-widget-heading\" data-id=\"74b5f3c\" data-element_type=\"widget\" data-widget_type=\"heading.default\">\n\t\t\t\t<div class=\"elementor-widget-container\">\n\t\t\t\t\t<h2 class=\"elementor-heading-title elementor-size-default\">Boutique Hotel  <br> Estancia Casa del Hidalgo<\/h2>\t\t\t\t<\/div>\n\t\t\t\t<\/div>\n\t\t\t\t<div class=\"elementor-element elementor-element-e9889fe elementor-widget elementor-widget-heading\" data-id=\"e9889fe\" data-element_type=\"widget\" data-widget_type=\"heading.default\">\n\t\t\t\t<div class=\"elementor-widget-container\">\n\t\t\t\t\t<h2 class=\"elementor-heading-title elementor-size-default\">C\u00d3DIGO DE CONDUCTA <\/h2>\t\t\t\t<\/div>\n\t\t\t\t<\/div>\n\t\t\t\t\t<\/div>\n\t\t<\/div>\n\t\t\t\t\t<\/div>\n\t\t<\/section>\n\t\t\t\t<section class=\"elementor-section elementor-top-section elementor-element elementor-element-935426f elementor-section-boxed elementor-section-height-default elementor-section-height-default\" data-id=\"935426f\" data-element_type=\"section\">\n\t\t\t\t\t\t<div class=\"elementor-container elementor-column-gap-default\">\n\t\t\t\t\t<div class=\"elementor-column elementor-col-100 elementor-top-column elementor-element elementor-element-2833078\" data-id=\"2833078\" data-element_type=\"column\">\n\t\t\t<div class=\"elementor-widget-wrap elementor-element-populated\">\n\t\t\t\t\t\t<div class=\"elementor-element elementor-element-d6e9d14 elementor-widget elementor-widget-text-editor\" data-id=\"d6e9d14\" data-element_type=\"widget\" data-widget_type=\"text-editor.default\">\n\t\t\t\t<div class=\"elementor-widget-container\">\n\t\t\t\t\t\t\t\t\t<p><strong>INTRODUCCI\u00d3N<\/strong><\/p><p>Con el prop\u00f3sito de brindar servicios integrales, <strong>HOTEL BOUTIQUE<\/strong> <strong>ESTANCIA CASA DEL HIDALGO<\/strong> ha integrado a su pol\u00edtica de funcionamiento un conjunto de valores, principios y lineamientos que orientan el comportamiento de los empleados y directivos del establecimiento que ser\u00e1n aplicables tanto a dichos empleados y directivos como a sus clientes, proveedores y accionistas y a cualesquier otro grupo de individuos o comunidades a quienes <strong>HOTEL BOUTIQUE<\/strong> <strong>ESTANCIA CASA DEL HIDALGO<\/strong>\u00a0preste sus servicios bien sea de manera temporal o permanente.<\/p><p>El presente c\u00f3digo de conducta tiene por objeto asegurar a todos los clientes la prestaci\u00f3n de un servicio con los m\u00e1s altos est\u00e1ndares de calidad, de acuerdo con nuestro enfoque en la elegancia y la innovaci\u00f3n, que caracteriza los servicios de <strong>HOTEL BOUTIQUE<\/strong> <strong>ESTANCIA CASA DEL HIDALGO<\/strong>\u00a0y que permitir\u00e1 que todos nuestros clientes disfruten de una perfecta y placida estad\u00eda.<\/p><p><strong>COMPROMISO PARA LA CONVIVENCIA, TRANQUILIDAD Y ARMONIA<\/strong><\/p><p>Con el fin de estar en capacidad de brindar nuestro servicio de hospedaje dentro de los est\u00e1ndares mencionados en el presente c\u00f3digo de conducta, <strong>HOTEL BOUTIQUE<\/strong> <strong>ESTANCIA CASA DEL HIDALGO<\/strong> prestar\u00e1 sus servicios, procurando por la normal y adecuada convivencia, tranquilidad y armon\u00eda dentro de sus instalaciones &#8211; incluyendo \u00e1reas restringidas, concesionadas y\/o de uso exclusivo de los clientes y\/o empleados y tomar\u00e1 las medidas a su alcance incluyendo la posibilidad de negarse o cesar la prestaci\u00f3n de su servicio para mantener la prestaci\u00f3n de sus servicios dentro de tales normas de convivencia, tranquilidad y armon\u00eda especialmente cuando bajo el an\u00e1lisis razonable de <strong>HOTEL BOUTIQUE<\/strong> <strong>ESTANCIA CASA DEL HIDALGO<\/strong>, se evidencie que existe de parte de cualesquiera de las personas o individuos a quienes aplique este c\u00f3digo:<\/p><ul><li>Comportamiento que tenga la potencialidad o resulte efectivamente riesgoso o represente un peligro real o potencial para la seguridad de los viajeros, hu\u00e9spedes, clientes y\/o dem\u00e1s visitantes o empleados de <strong>HOTEL BOUTIQUE<\/strong> <strong>ESTANCIA CASA DEL HIDALGO<\/strong>.<\/li><li>Utilizaci\u00f3n de lenguaje ofensivo o insultante hacia otros hu\u00e9spedes, visitantes, empleados y directivos de <strong>HOTEL BOUTIQUE<\/strong> <strong>ESTANCIA CASA DEL HIDALGO<\/strong>.<\/li><li>Utilizaci\u00f3n de lenguaje ofensivo o insultante, al expresar opiniones relacionadas con <strong>HOTEL BOUTIQUE<\/strong> <strong>ESTANCIA CASA DEL HIDALGO<\/strong>\u00a0y los servicios prestados.<\/li><li>Utilizaci\u00f3n de cualquier medio de comunicaci\u00f3n (radio, prensa, televisi\u00f3n, redes sociales, etc.) para expresar opiniones o aseveraciones que no resulten acordes con la realidad, injuriosas o irrespetuosas en contra de <strong>HOTEL BOUTIQUE<\/strong> <strong>ESTANCIA CASA DEL HIDALGO<\/strong>\u00a0o alguno de sus empleados o directivos.<\/li><li>Comportamientos discriminatorios o de acoso en raz\u00f3n de la edad, raza, sexo, condici\u00f3n f\u00edsica, creencias, nacionalidad, lengua, filiaci\u00f3n pol\u00edtica u orientaci\u00f3n sexual.<\/li><\/ul><p>Comportamiento ofensivo o inapropiado, o real o potencialmente ilegal; entre otros, pero sin limitarse a casos de: contacto f\u00edsico no consentido, actos abiertamente inmorales, provocaci\u00f3n, actos de vandalismo en contra de bienes de propiedad de otros viajeros, hu\u00e9spedes y\/o visitantes de <strong>HOTEL BOUTIQUE<\/strong> <strong>ESTANCIA CASA DEL HIDALGO<\/strong>, hurto comprobado, uso de identificaciones falsas, propiciar o facilitar el consumo de alcohol a menores de edad y la posesi\u00f3n de sustancias\/art\u00edculos ilegales, entre otros.<\/p><p>Comportamiento descort\u00e9s o conflictivo con los dem\u00e1s viajeros, empleados, hu\u00e9spedes y\/o visitantes de las instalaciones de <strong>HOTEL BOUTIQUE<\/strong> <strong>ESTANCIA CASA DEL HIDALGO<\/strong>, que atenten contra la armon\u00eda y la normal operaci\u00f3n del lugar, tales como, el uso de equipos de m\u00fasica o radios con volumen alto en las habitaciones del hotel, entre otros.<\/p><p>Comportamientos destinados a la utilizaci\u00f3n de la actividad de hospedaje u hotelera con fines de prostituci\u00f3n o de promoci\u00f3n de la prostituci\u00f3n.<\/p><p>Comportamiento descort\u00e9s que atente contra el ambiente de tranquilidad dispuesto por <strong>HOTEL BOUTIQUE<\/strong> <strong>ESTANCIA CASA DEL HIDALGO<\/strong> tales como, pero sin limitarse al uso de m\u00fasica en las \u00e1reas sociales de las instalaciones de <strong>HOTEL BOUTIQUE<\/strong> <strong>ESTANCIA CASA DEL HIDALGO<\/strong>. La \u00fanica m\u00fasica que podr\u00e1 escucharse en las \u00e1reas comunes de <strong>HOTEL BOUTIQUE<\/strong> <strong>ESTANCIA CASA DEL HIDALGO<\/strong>\u00a0es la que \u00e9ste ha dispuesto como parte de la ambientaci\u00f3n de dichas \u00e1reas.<\/p><p>Tr\u00e1nsito o visita a las instalaciones de <strong>HOTEL BOUTIQUE<\/strong> <strong>ESTANCIA CASA DEL HIDALGO<\/strong> con atuendos inadecuados, tales como, pero sin limitarse a: bajar en bata de ba\u00f1o o pijama a la recepci\u00f3n, restaurante.<\/p><p>Los padres y tutores son responsables del comportamiento y la supervisi\u00f3n correspondiente de los menores de edad dentro de las instalaciones de <strong>HOTEL BOUTIQUE<\/strong> <strong>ESTANCIA CASA DEL HIDALGO<\/strong>.<\/p><p>Los hu\u00e9spedes que consuman bebidas alcoh\u00f3licas deben hacerlo de manera responsable. El personal del establecimiento podr\u00e1 negarse a servir bebidas alcoh\u00f3licas a hu\u00e9spedes que no tengan un consumo responsable.<\/p><p>No est\u00e1 permitido el ingreso al establecimiento de armas de fuego, materiales explosivos, inflamables, estupefacientes o sustancias similares.<\/p><p>Todo menoscabo causado por parte del cliente a los bienes muebles o inmuebles de propiedad del establecimiento de hospedaje deber\u00e1n ser pagados a <strong>HOTEL BOUTIQUE<\/strong> <strong>ESTANCIA CASA DEL HIDALGO<\/strong>, de acuerdo con el valor establecido por el establecimiento.<\/p><p><strong><u>PROTECCI\u00d3N DE LOS MENORES DE EDAD <\/u><\/strong><\/p><p><strong>En cumplimiento de la Ley 1336 de 2009, HOTEL BOUTIQUE ESTANCIA CASA DEL HIDALGO adopta el C\u00f3digo de Conducta para la protecci\u00f3n de los menores de edad, de la siguiente manera: <\/strong><\/p><p><strong>HOTEL BOUTIQUE<\/strong> <strong>ESTANCIA CASA DEL HIDALGO <\/strong>y sus empleados se abstienen de ofrecer en los programas de promoci\u00f3n tur\u00edstica y en planes tur\u00edsticos, expresa o subrepticiamente, planes de explotaci\u00f3n sexual de ni\u00f1os, ni\u00f1as y adolescentes.<\/p><p>Est\u00e1 prohibido para el establecimiento <strong>HOTEL BOUTIQUE<\/strong> <strong>ESTANCIA CASA DEL HIDALGO<\/strong> o sus empleados dar informaci\u00f3n a los turistas, directamente o por interpuesta persona acerca de lugares desde donde se coordinen o donde practique explotaci\u00f3n sexual comercial de ni\u00f1os, ni\u00f1as y adolescentes,<\/p><p>Est\u00e1 prohibido para el establecimiento <strong>HOTEL BOUTIQUE<\/strong> <strong>ESTANCIA CASA DEL HIDALGO<\/strong> o sus empleados conducir a los turistas, directamente o a trav\u00e9s de terceros a establecimientos o lugares donde se practique la explotaci\u00f3n sexual comercial de ni\u00f1os, ni\u00f1as, as\u00ed como conducir a \u00e9stos a los sitios donde se encuentran hospedados los turistas, con fines de explotaci\u00f3n sexual comercial de ni\u00f1os, ni\u00f1as y adolescentes.<\/p><ul><li><strong>HOTEL BOUTIQUE<\/strong> <strong>ESTANCIA CASA DEL HIDALGO<\/strong> est\u00e1 en capacidad de impedir el ingreso de ni\u00f1os, ni\u00f1as y adolescentes al establecimiento de alojamiento y hospedaje, bares, negocios similares y dem\u00e1s establecimientos en los que se presten servicios tur\u00edsticos, con fines de explotaci\u00f3n o de abuso sexual.<\/li><li><strong>HOTEL BOUTIQUE<\/strong> <strong>ESTANCIA CASA DEL HIDALGO<\/strong> podr\u00e1 adoptar las medidas tendientes a impedir que el personal vinculado a cualquier t\u00edtulo con la empresa, ofrezca servicios tur\u00edsticos que permitan actividad sexual con ni\u00f1os, ni\u00f1as y adolescentes.<\/li><li><strong>HOTEL BOUTIQUE<\/strong> <strong>ESTANCIA CASA DEL HIDALGO<\/strong> denunciar\u00e1 ante el Ministerio de Comercio, Industria y Turismo y dem\u00e1s autoridades competentes, los hechos de que hubiere tenido conocimiento por cualquier medio, as\u00ed como la sospecha de estos, relacionados con explotaci\u00f3n sexual de ni\u00f1os, ni\u00f1as y adolescentes y asegurar que al interior de la empresa existan canales para denunciar ante las autoridades competentes tales hechos.<\/li><\/ul><p><strong>Reservaciones. &#8211;<\/strong> <strong>HOTEL BOUTIQUE<\/strong> <strong>ESTANCIA CASA DEL HIDALGO<\/strong> se reservar\u00e1 la facultad de rechazar o cancelar la solicitud de reserva si se evidencia la potencialidad de violaci\u00f3n al presente c\u00f3digo.<\/p><p><strong>\u00a0<\/strong><\/p><p><strong><u>LEY ESCNNA:<\/u><\/strong> En <strong>HOTEL BOUTIQUE<\/strong> <strong>ESTANCIA CASA DEL HIDALGO<\/strong> apoyamos y damos cumplimiento a las leyes 679 del 2001(Art. 16, 17 y 19), 1336 del 2009, Ley 599 de 2000 y la resoluci\u00f3n 3840 del 2009 las cuales tienen como objetivo dictar medidas de protecci\u00f3n contra la explotaci\u00f3n, la pornograf\u00eda, el turismo sexual y las dem\u00e1s formas de abuso sexual contra ni\u00f1os, ni\u00f1as y adolescentes.<\/p><p>ART\u00cdCULO 20. SANCIONES. El Ministerio de Desarrollo Econ\u00f3mico impondr\u00e1 las siguientes sanciones, de acuerdo con el procedimiento establecido para tal fin en la Ley 300 de 1996:<\/p><ol><li>Multas hasta por trescientos (300) salarios m\u00ednimos legales mensuales vigentes, que se destinar\u00e1n al Fondo de Promoci\u00f3n Tur\u00edstica para los fines de la presente ley.<\/li><li>Suspensi\u00f3n hasta por noventa (90) d\u00edas calendario de la inscripci\u00f3n en el Registro Nacional de Turismo.<\/li><li>Cancelaci\u00f3n de la inscripci\u00f3n en el Registro Nacional de Turismo que implicar\u00e1 la prohibici\u00f3n de ejercer la actividad tur\u00edstica durante cinco (5) a\u00f1os a partir de la sanci\u00f3n.<\/li><\/ol><p>El Ministerio de Desarrollo Econ\u00f3mico podr\u00e1 delegar esta funci\u00f3n de vigilancia y control en las entidades territoriales.<\/p><p>Esta delegaci\u00f3n, sin embargo, no excluye la responsabilidad del delegante por las acciones u omisiones de los delegatarios.<\/p><p>Las contravenciones a este C\u00f3digo de Conducta, en la medida de lo posible deber\u00e1n ser corregidas de forma inmediata, y se sancionar\u00e1n, con arreglo a la normativa laboral, civil o penal vigente, con independencia de otras responsabilidades en las que pueda incurrir el infractor y del oportuno ejercicio de las acciones legales a las que hubiera lugar.<\/p>\t\t\t\t\t\t\t\t<\/div>\n\t\t\t\t<\/div>\n\t\t\t\t\t<\/div>\n\t\t<\/div>\n\t\t\t\t\t<\/div>\n\t\t<\/section>\n\t\t\t\t<\/div>","protected":false},"excerpt":{"rendered":"<p>Hotel Boutique Estancia Casa del Hidalgo C\u00d3DIGO DE CONDUCTA INTRODUCCI\u00d3N Con el prop\u00f3sito de brindar servicios integrales, HOTEL BOUTIQUE ESTANCIA CASA DEL HIDALGO ha integrado a su pol\u00edtica de funcionamiento un conjunto de valores, principios y lineamientos que orientan el comportamiento de los empleados y directivos del establecimiento que ser\u00e1n aplicables tanto a dichos empleados [&hellip;]<\/p>","protected":false},"author":1,"featured_media":0,"parent":0,"menu_order":0,"comment_status":"closed","ping_status":"closed","template":"","meta":{"ocean_post_layout":"full-screen","ocean_both_sidebars_style":"","ocean_both_sidebars_content_width":0,"ocean_both_sidebars_sidebars_width":0,"ocean_sidebar":"0","ocean_second_sidebar":"0","ocean_disable_margins":"enable","ocean_add_body_class":"","ocean_shortcode_before_top_bar":"","ocean_shortcode_after_top_bar":"","ocean_shortcode_before_header":"","ocean_shortcode_after_header":"","ocean_has_shortcode":"","ocean_shortcode_after_title":"","ocean_shortcode_before_footer_widgets":"","ocean_shortcode_after_footer_widgets":"","ocean_shortcode_before_footer_bottom":"","ocean_shortcode_after_footer_bottom":"","ocean_display_top_bar":"default","ocean_display_header":"default","ocean_header_style":"transparent","ocean_center_header_left_menu":"0","ocean_custom_header_template":"0","ocean_custom_logo":0,"ocean_custom_retina_logo":0,"ocean_custom_logo_max_width":0,"ocean_custom_logo_tablet_max_width":0,"ocean_custom_logo_mobile_max_width":0,"ocean_custom_logo_max_height":0,"ocean_custom_logo_tablet_max_height":0,"ocean_custom_logo_mobile_max_height":0,"ocean_header_custom_menu":"0","ocean_menu_typo_font_family":"0","ocean_menu_typo_font_subset":"","ocean_menu_typo_font_size":0,"ocean_menu_typo_font_size_tablet":0,"ocean_menu_typo_font_size_mobile":0,"ocean_menu_typo_font_size_unit":"px","ocean_menu_typo_font_weight":"","ocean_menu_typo_font_weight_tablet":"","ocean_menu_typo_font_weight_mobile":"","ocean_menu_typo_transform":"","ocean_menu_typo_transform_tablet":"","ocean_menu_typo_transform_mobile":"","ocean_menu_typo_line_height":0,"ocean_menu_typo_line_height_tablet":0,"ocean_menu_typo_line_height_mobile":0,"ocean_menu_typo_line_height_unit":"","ocean_menu_typo_spacing":0,"ocean_menu_typo_spacing_tablet":0,"ocean_menu_typo_spacing_mobile":0,"ocean_menu_typo_spacing_unit":"","ocean_menu_link_color":"","ocean_menu_link_color_hover":"","ocean_menu_link_color_active":"","ocean_menu_link_background":"","ocean_menu_link_hover_background":"","ocean_menu_link_active_background":"","ocean_menu_social_links_bg":"","ocean_menu_social_hover_links_bg":"","ocean_menu_social_links_color":"","ocean_menu_social_hover_links_color":"","ocean_disable_title":"on","ocean_disable_heading":"default","ocean_post_title":"","ocean_post_subheading":"","ocean_post_title_style":"","ocean_post_title_background_color":"","ocean_post_title_background":0,"ocean_post_title_bg_image_position":"","ocean_post_title_bg_image_attachment":"","ocean_post_title_bg_image_repeat":"","ocean_post_title_bg_image_size":"","ocean_post_title_height":0,"ocean_post_title_bg_overlay":0.5,"ocean_post_title_bg_overlay_color":"","ocean_disable_breadcrumbs":"default","ocean_breadcrumbs_color":"","ocean_breadcrumbs_separator_color":"","ocean_breadcrumbs_links_color":"","ocean_breadcrumbs_links_hover_color":"","ocean_display_footer_widgets":"default","ocean_display_footer_bottom":"default","ocean_custom_footer_template":"0","footnotes":""},"class_list":["post-2144","page","type-page","status-publish","hentry","entry"],"yoast_head":"<!-- This site is optimized with the Yoast SEO plugin v27.3 - https:\/\/yoast.com\/product\/yoast-seo-wordpress\/ -->\n<title>C\u00f3digo de conducta - Casa del hidalgo<\/title>\n<meta name=\"robots\" content=\"index, follow, max-snippet:-1, max-image-preview:large, max-video-preview:-1\" \/>\n<link rel=\"canonical\" href=\"https:\/\/www.casadelhidalgo.com\/en\/codigo-de-conducta\/\" \/>\n<meta property=\"og:locale\" content=\"en_US\" \/>\n<meta property=\"og:type\" content=\"article\" \/>\n<meta property=\"og:title\" content=\"C\u00f3digo de conducta - Casa del hidalgo\" \/>\n<meta property=\"og:description\" content=\"Hotel Boutique Estancia Casa del Hidalgo C\u00d3DIGO DE CONDUCTA INTRODUCCI\u00d3N Con el prop\u00f3sito de brindar servicios integrales, HOTEL BOUTIQUE ESTANCIA CASA DEL HIDALGO ha integrado a su pol\u00edtica de funcionamiento un conjunto de valores, principios y lineamientos que orientan el comportamiento de los empleados y directivos del establecimiento que ser\u00e1n aplicables tanto a dichos empleados [&hellip;]\" \/>\n<meta property=\"og:url\" content=\"https:\/\/www.casadelhidalgo.com\/en\/codigo-de-conducta\/\" \/>\n<meta property=\"og:site_name\" content=\"Casa del hidalgo\" \/>\n<meta property=\"article:publisher\" content=\"https:\/\/www.facebook.com\/casadelhidalgo\" \/>\n<meta property=\"article:modified_time\" content=\"2025-05-27T01:47:06+00:00\" \/>\n<meta name=\"twitter:card\" content=\"summary_large_image\" \/>\n<meta name=\"twitter:label1\" content=\"Est. reading time\" \/>\n\t<meta name=\"twitter:data1\" content=\"8 minutes\" \/>\n<script type=\"application\/ld+json\" class=\"yoast-schema-graph\">{\"@context\":\"https:\\\/\\\/schema.org\",\"@graph\":[{\"@type\":\"WebPage\",\"@id\":\"https:\\\/\\\/www.casadelhidalgo.com\\\/codigo-de-conducta\\\/\",\"url\":\"https:\\\/\\\/www.casadelhidalgo.com\\\/codigo-de-conducta\\\/\",\"name\":\"C\u00f3digo de conducta - Casa del hidalgo\",\"isPartOf\":{\"@id\":\"https:\\\/\\\/www.casadelhidalgo.com\\\/#website\"},\"datePublished\":\"2021-03-03T19:10:04+00:00\",\"dateModified\":\"2025-05-27T01:47:06+00:00\",\"breadcrumb\":{\"@id\":\"https:\\\/\\\/www.casadelhidalgo.com\\\/codigo-de-conducta\\\/#breadcrumb\"},\"inLanguage\":\"en-US\",\"potentialAction\":[{\"@type\":\"ReadAction\",\"target\":[\"https:\\\/\\\/www.casadelhidalgo.com\\\/codigo-de-conducta\\\/\"]}]},{\"@type\":\"BreadcrumbList\",\"@id\":\"https:\\\/\\\/www.casadelhidalgo.com\\\/codigo-de-conducta\\\/#breadcrumb\",\"itemListElement\":[{\"@type\":\"ListItem\",\"position\":1,\"name\":\"Portada\",\"item\":\"https:\\\/\\\/www.casadelhidalgo.com\\\/\"},{\"@type\":\"ListItem\",\"position\":2,\"name\":\"C\u00f3digo de conducta\"}]},{\"@type\":\"WebSite\",\"@id\":\"https:\\\/\\\/www.casadelhidalgo.com\\\/#website\",\"url\":\"https:\\\/\\\/www.casadelhidalgo.com\\\/\",\"name\":\"Casa del hidalgo\",\"description\":\"Casa del hidalgo\",\"publisher\":{\"@id\":\"https:\\\/\\\/www.casadelhidalgo.com\\\/#organization\"},\"potentialAction\":[{\"@type\":\"SearchAction\",\"target\":{\"@type\":\"EntryPoint\",\"urlTemplate\":\"https:\\\/\\\/www.casadelhidalgo.com\\\/?s={search_term_string}\"},\"query-input\":{\"@type\":\"PropertyValueSpecification\",\"valueRequired\":true,\"valueName\":\"search_term_string\"}}],\"inLanguage\":\"en-US\"},{\"@type\":\"Organization\",\"@id\":\"https:\\\/\\\/www.casadelhidalgo.com\\\/#organization\",\"name\":\"Casa del hidalgo\",\"url\":\"https:\\\/\\\/www.casadelhidalgo.com\\\/\",\"logo\":{\"@type\":\"ImageObject\",\"inLanguage\":\"en-US\",\"@id\":\"https:\\\/\\\/www.casadelhidalgo.com\\\/#\\\/schema\\\/logo\\\/image\\\/\",\"url\":\"https:\\\/\\\/www.casadelhidalgo.com\\\/wp-content\\\/uploads\\\/2021\\\/03\\\/logo_dorado.png\",\"contentUrl\":\"https:\\\/\\\/www.casadelhidalgo.com\\\/wp-content\\\/uploads\\\/2021\\\/03\\\/logo_dorado.png\",\"width\":858,\"height\":471,\"caption\":\"Casa del hidalgo\"},\"image\":{\"@id\":\"https:\\\/\\\/www.casadelhidalgo.com\\\/#\\\/schema\\\/logo\\\/image\\\/\"},\"sameAs\":[\"https:\\\/\\\/www.facebook.com\\\/casadelhidalgo\",\"https:\\\/\\\/www.instagram.com\\\/casadelhidalgo\"]}]}<\/script>\n<!-- \/ Yoast SEO plugin. -->","yoast_head_json":{"title":"C\u00f3digo de conducta - Casa del hidalgo","robots":{"index":"index","follow":"follow","max-snippet":"max-snippet:-1","max-image-preview":"max-image-preview:large","max-video-preview":"max-video-preview:-1"},"canonical":"https:\/\/www.casadelhidalgo.com\/en\/codigo-de-conducta\/","og_locale":"en_US","og_type":"article","og_title":"C\u00f3digo de conducta - Casa del hidalgo","og_description":"Hotel Boutique Estancia Casa del Hidalgo C\u00d3DIGO DE CONDUCTA INTRODUCCI\u00d3N Con el prop\u00f3sito de brindar servicios integrales, HOTEL BOUTIQUE ESTANCIA CASA DEL HIDALGO ha integrado a su pol\u00edtica de funcionamiento un conjunto de valores, principios y lineamientos que orientan el comportamiento de los empleados y directivos del establecimiento que ser\u00e1n aplicables tanto a dichos empleados [&hellip;]","og_url":"https:\/\/www.casadelhidalgo.com\/en\/codigo-de-conducta\/","og_site_name":"Casa del hidalgo","article_publisher":"https:\/\/www.facebook.com\/casadelhidalgo","article_modified_time":"2025-05-27T01:47:06+00:00","twitter_card":"summary_large_image","twitter_misc":{"Est. reading time":"8 minutes"},"schema":{"@context":"https:\/\/schema.org","@graph":[{"@type":"WebPage","@id":"https:\/\/www.casadelhidalgo.com\/codigo-de-conducta\/","url":"https:\/\/www.casadelhidalgo.com\/codigo-de-conducta\/","name":"C\u00f3digo de conducta - Casa del hidalgo","isPartOf":{"@id":"https:\/\/www.casadelhidalgo.com\/#website"},"datePublished":"2021-03-03T19:10:04+00:00","dateModified":"2025-05-27T01:47:06+00:00","breadcrumb":{"@id":"https:\/\/www.casadelhidalgo.com\/codigo-de-conducta\/#breadcrumb"},"inLanguage":"en-US","potentialAction":[{"@type":"ReadAction","target":["https:\/\/www.casadelhidalgo.com\/codigo-de-conducta\/"]}]},{"@type":"BreadcrumbList","@id":"https:\/\/www.casadelhidalgo.com\/codigo-de-conducta\/#breadcrumb","itemListElement":[{"@type":"ListItem","position":1,"name":"Portada","item":"https:\/\/www.casadelhidalgo.com\/"},{"@type":"ListItem","position":2,"name":"C\u00f3digo de conducta"}]},{"@type":"WebSite","@id":"https:\/\/www.casadelhidalgo.com\/#website","url":"https:\/\/www.casadelhidalgo.com\/","name":"Casa del hidalgo","description":"Casa del hidalgo","publisher":{"@id":"https:\/\/www.casadelhidalgo.com\/#organization"},"potentialAction":[{"@type":"SearchAction","target":{"@type":"EntryPoint","urlTemplate":"https:\/\/www.casadelhidalgo.com\/?s={search_term_string}"},"query-input":{"@type":"PropertyValueSpecification","valueRequired":true,"valueName":"search_term_string"}}],"inLanguage":"en-US"},{"@type":"Organization","@id":"https:\/\/www.casadelhidalgo.com\/#organization","name":"Casa del hidalgo","url":"https:\/\/www.casadelhidalgo.com\/","logo":{"@type":"ImageObject","inLanguage":"en-US","@id":"https:\/\/www.casadelhidalgo.com\/#\/schema\/logo\/image\/","url":"https:\/\/www.casadelhidalgo.com\/wp-content\/uploads\/2021\/03\/logo_dorado.png","contentUrl":"https:\/\/www.casadelhidalgo.com\/wp-content\/uploads\/2021\/03\/logo_dorado.png","width":858,"height":471,"caption":"Casa del hidalgo"},"image":{"@id":"https:\/\/www.casadelhidalgo.com\/#\/schema\/logo\/image\/"},"sameAs":["https:\/\/www.facebook.com\/casadelhidalgo","https:\/\/www.instagram.com\/casadelhidalgo"]}]}},"_links":{"self":[{"href":"https:\/\/www.casadelhidalgo.com\/en\/wp-json\/wp\/v2\/pages\/2144","targetHints":{"allow":["GET"]}}],"collection":[{"href":"https:\/\/www.casadelhidalgo.com\/en\/wp-json\/wp\/v2\/pages"}],"about":[{"href":"https:\/\/www.casadelhidalgo.com\/en\/wp-json\/wp\/v2\/types\/page"}],"author":[{"embeddable":true,"href":"https:\/\/www.casadelhidalgo.com\/en\/wp-json\/wp\/v2\/users\/1"}],"replies":[{"embeddable":true,"href":"https:\/\/www.casadelhidalgo.com\/en\/wp-json\/wp\/v2\/comments?post=2144"}],"version-history":[{"count":0,"href":"https:\/\/www.casadelhidalgo.com\/en\/wp-json\/wp\/v2\/pages\/2144\/revisions"}],"wp:attachment":[{"href":"https:\/\/www.casadelhidalgo.com\/en\/wp-json\/wp\/v2\/media?parent=2144"}],"curies":[{"name":"wp","href":"https:\/\/api.w.org\/{rel}","templated":true}]}}