{"id":1769,"date":"2021-02-27T07:41:26","date_gmt":"2021-02-27T12:41:26","guid":{"rendered":"https:\/\/www.casadelhidalgo.com\/?page_id=1769"},"modified":"2026-05-06T19:29:54","modified_gmt":"2026-05-07T00:29:54","slug":"contacto","status":"publish","type":"page","link":"https:\/\/www.casadelhidalgo.com\/en\/contacto\/","title":{"rendered":"Contact"},"content":{"rendered":"<div data-elementor-type=\"wp-page\" data-elementor-id=\"1769\" class=\"elementor elementor-1769\" data-elementor-post-type=\"page\">\n\t\t\t\t\t\t<section class=\"elementor-section elementor-top-section elementor-element elementor-element-54d020f elementor-section-height-min-height elementor-section-stretched elementor-section-boxed elementor-section-height-default elementor-section-items-middle\" data-id=\"54d020f\" data-element_type=\"section\" data-settings=\"{&quot;stretch_section&quot;:&quot;section-stretched&quot;,&quot;background_background&quot;:&quot;classic&quot;}\">\n\t\t\t\t\t\t\t<div class=\"elementor-background-overlay\"><\/div>\n\t\t\t\t\t\t\t<div class=\"elementor-container elementor-column-gap-default\">\n\t\t\t\t\t<div class=\"elementor-column elementor-col-100 elementor-top-column elementor-element elementor-element-ae09b1c\" data-id=\"ae09b1c\" data-element_type=\"column\">\n\t\t\t<div class=\"elementor-widget-wrap\">\n\t\t\t\t\t\t\t<\/div>\n\t\t<\/div>\n\t\t\t\t\t<\/div>\n\t\t<\/section>\n\t\t\t\t<section class=\"elementor-section elementor-top-section elementor-element elementor-element-272d8e3 elementor-section-boxed elementor-section-height-default elementor-section-height-default\" data-id=\"272d8e3\" data-element_type=\"section\">\n\t\t\t\t\t\t<div class=\"elementor-container elementor-column-gap-default\">\n\t\t\t\t\t<div class=\"elementor-column elementor-col-50 elementor-top-column elementor-element elementor-element-d90f37d\" data-id=\"d90f37d\" data-element_type=\"column\">\n\t\t\t<div class=\"elementor-widget-wrap elementor-element-populated\">\n\t\t\t\t\t\t<div class=\"elementor-element elementor-element-dac8ef9 elementor-widget elementor-widget-text-editor\" data-id=\"dac8ef9\" data-element_type=\"widget\" data-widget_type=\"text-editor.default\">\n\t\t\t\t<div class=\"elementor-widget-container\">\n\t\t\t\t\t\t\t\t\t<p><span style=\"color: #4a4a4a;\">Have questions or ready to plan your stay? Contact us and we\u2019ll be happy to assist you.<\/span><\/p>\t\t\t\t\t\t\t\t<\/div>\n\t\t\t\t<\/div>\n\t\t\t\t<div class=\"elementor-element elementor-element-b1664a2 elementor-shape-circle elementor-grid-0 e-grid-align-center elementor-widget elementor-widget-social-icons\" data-id=\"b1664a2\" data-element_type=\"widget\" data-widget_type=\"social-icons.default\">\n\t\t\t\t<div class=\"elementor-widget-container\">\n\t\t\t\t\t\t\t<div class=\"elementor-social-icons-wrapper elementor-grid\" role=\"list\">\n\t\t\t\t\t\t\t<span class=\"elementor-grid-item\" role=\"listitem\">\n\t\t\t\t\t<a class=\"elementor-icon elementor-social-icon elementor-social-icon-facebook elementor-repeater-item-1366c34\" href=\"https:\/\/web.facebook.com\/casadelhidalgo\" target=\"_blank\">\n\t\t\t\t\t\t<span class=\"elementor-screen-only\">Facebook<\/span>\n\t\t\t\t\t\t<i aria-hidden=\"true\" class=\"fab fa-facebook\"><\/i>\t\t\t\t\t<\/a>\n\t\t\t\t<\/span>\n\t\t\t\t\t\t\t<span class=\"elementor-grid-item\" role=\"listitem\">\n\t\t\t\t\t<a class=\"elementor-icon elementor-social-icon elementor-social-icon-instagram elementor-repeater-item-05873e6\" href=\"https:\/\/instagram.com\/casadelhidalgo?igshid=6rryqo4p57\" target=\"_blank\">\n\t\t\t\t\t\t<span class=\"elementor-screen-only\">Instagram<\/span>\n\t\t\t\t\t\t<i aria-hidden=\"true\" class=\"fab fa-instagram\"><\/i>\t\t\t\t\t<\/a>\n\t\t\t\t<\/span>\n\t\t\t\t\t<\/div>\n\t\t\t\t\t\t<\/div>\n\t\t\t\t<\/div>\n\t\t\t\t<div class=\"elementor-element elementor-element-197fc23 elementor-widget elementor-widget-text-editor\" data-id=\"197fc23\" data-element_type=\"widget\" data-widget_type=\"text-editor.default\">\n\t\t\t\t<div class=\"elementor-widget-container\">\n\t\t\t\t\t\t\t\t\t<p><span style=\"color: #4a4a4a;\">Colombia I Cali \u2013 Valle del Cauca<\/span><\/p><p><span style=\"color: #4a4a4a;\">Avenida 4 Norte No. 5-04\u00a0 <\/span><br \/><span style=\"color: #4a4a4a;\">Centenario Neighborhood<\/span><\/p>\t\t\t\t\t\t\t\t<\/div>\n\t\t\t\t<\/div>\n\t\t\t\t<div class=\"elementor-element elementor-element-8c3632d elementor-widget elementor-widget-text-editor\" data-id=\"8c3632d\" data-element_type=\"widget\" data-widget_type=\"text-editor.default\">\n\t\t\t\t<div class=\"elementor-widget-container\">\n\t\t\t\t\t\t\t\t\t<p><span style=\"color: #4a4a4a;\">(602) 395 93 98 \/ (602) 396 37 61<\/span><\/p>\t\t\t\t\t\t\t\t<\/div>\n\t\t\t\t<\/div>\n\t\t\t\t<div class=\"elementor-element elementor-element-27b0bb9 elementor-widget elementor-widget-text-editor\" data-id=\"27b0bb9\" data-element_type=\"widget\" data-widget_type=\"text-editor.default\">\n\t\t\t\t<div class=\"elementor-widget-container\">\n\t\t\t\t\t\t\t\t\t<p><span style=\"color: #4a4a4a;\">\u00a0reservas@casadelhidalgo.com administraci\u00f3n@casadelhidalgo.com<\/span><\/p>\t\t\t\t\t\t\t\t<\/div>\n\t\t\t\t<\/div>\n\t\t\t\t\t<\/div>\n\t\t<\/div>\n\t\t\t\t<div class=\"elementor-column elementor-col-50 elementor-top-column elementor-element elementor-element-facd1e5\" data-id=\"facd1e5\" data-element_type=\"column\">\n\t\t\t<div class=\"elementor-widget-wrap elementor-element-populated\">\n\t\t\t\t\t\t<div class=\"elementor-element elementor-element-311f0e2 elementor-button-align-stretch elementor-widget elementor-widget-form\" data-id=\"311f0e2\" data-element_type=\"widget\" data-settings=\"{&quot;step_next_label&quot;:&quot;Next&quot;,&quot;step_previous_label&quot;:&quot;Previous&quot;,&quot;button_width&quot;:&quot;100&quot;,&quot;step_type&quot;:&quot;number_text&quot;,&quot;step_icon_shape&quot;:&quot;circle&quot;}\" data-widget_type=\"form.default\">\n\t\t\t\t<div class=\"elementor-widget-container\">\n\t\t\t\t\t\t\t<form class=\"elementor-form\" method=\"post\" name=\"New Form\" action=\"\">\n\t\t\t<input type=\"hidden\" name=\"post_id\" value=\"1769\"\/>\n\t\t\t<input type=\"hidden\" name=\"form_id\" value=\"311f0e2\"\/>\n\t\t\t<input type=\"hidden\" name=\"referer_title\" value=\"Contacto - Casa del hidalgo\" \/>\n\n\t\t\t\t\t\t\t<input type=\"hidden\" name=\"queried_id\" value=\"1769\"\/>\n\t\t\t\n\t\t\t<div class=\"elementor-form-fields-wrapper elementor-labels-above\">\n\t\t\t\t\t\t\t\t<div class=\"elementor-field-type-text elementor-field-group elementor-column elementor-field-group-name elementor-col-100 elementor-field-required\">\n\t\t\t\t\t\t\t\t\t\t\t\t<label for=\"form-field-name\" class=\"elementor-field-label\">\n\t\t\t\t\t\t\t\tName\t\t\t\t\t\t\t<\/label>\n\t\t\t\t\t\t\t\t\t\t\t\t\t\t<input size=\"1\" type=\"text\" name=\"form_fields[name]\" id=\"form-field-name\" class=\"elementor-field elementor-size-sm  elementor-field-textual\" placeholder=\"Enter your name\" required=\"required\">\n\t\t\t\t\t\t\t\t\t\t\t<\/div>\n\t\t\t\t\t\t\t\t<div class=\"elementor-field-type-email elementor-field-group elementor-column elementor-field-group-email elementor-col-100 elementor-field-required\">\n\t\t\t\t\t\t\t\t\t\t\t\t<label for=\"form-field-email\" class=\"elementor-field-label\">\n\t\t\t\t\t\t\t\tEmail\t\t\t\t\t\t\t<\/label>\n\t\t\t\t\t\t\t\t\t\t\t\t\t\t<input size=\"1\" type=\"email\" name=\"form_fields[email]\" id=\"form-field-email\" class=\"elementor-field elementor-size-sm  elementor-field-textual\" placeholder=\"Enter your email address\" required=\"required\">\n\t\t\t\t\t\t\t\t\t\t\t<\/div>\n\t\t\t\t\t\t\t\t<div class=\"elementor-field-type-textarea elementor-field-group elementor-column elementor-field-group-message elementor-col-100\">\n\t\t\t\t\t\t\t\t\t\t\t\t<label for=\"form-field-message\" class=\"elementor-field-label\">\n\t\t\t\t\t\t\t\tMessage\t\t\t\t\t\t\t<\/label>\n\t\t\t\t\t\t<textarea class=\"elementor-field-textual elementor-field  elementor-size-sm\" name=\"form_fields[message]\" id=\"form-field-message\" rows=\"4\" placeholder=\"Tell us how we can help you\"><\/textarea>\t\t\t\t<\/div>\n\t\t\t\t\t\t\t\t<div class=\"elementor-field-group elementor-column elementor-field-type-submit elementor-col-100 e-form__buttons\">\n\t\t\t\t\t<button class=\"elementor-button elementor-size-sm elementor-animation-grow\" type=\"submit\">\n\t\t\t\t\t\t<span class=\"elementor-button-content-wrapper\">\n\t\t\t\t\t\t\t\t\t\t\t\t\t\t\t\t\t\t\t\t\t\t<span class=\"elementor-button-text\">Send message <\/span>\n\t\t\t\t\t\t\t\t\t\t\t\t\t<\/span>\n\t\t\t\t\t<\/button>\n\t\t\t\t<\/div>\n\t\t\t<\/div>\n\t\t<input type=\"hidden\" name=\"trp-form-language\" value=\"en\"\/><\/form>\n\t\t\t\t\t\t<\/div>\n\t\t\t\t<\/div>\n\t\t\t\t\t<\/div>\n\t\t<\/div>\n\t\t\t\t\t<\/div>\n\t\t<\/section>\n\t\t\t\t<section class=\"elementor-section elementor-top-section elementor-element elementor-element-aac83e1 elementor-section-full_width elementor-section-stretched elementor-section-height-default elementor-section-height-default\" data-id=\"aac83e1\" data-element_type=\"section\" data-settings=\"{&quot;stretch_section&quot;:&quot;section-stretched&quot;}\">\n\t\t\t\t\t\t<div class=\"elementor-container elementor-column-gap-default\">\n\t\t\t\t\t<div class=\"elementor-column elementor-col-100 elementor-top-column elementor-element elementor-element-6dff079\" data-id=\"6dff079\" data-element_type=\"column\">\n\t\t\t<div class=\"elementor-widget-wrap elementor-element-populated\">\n\t\t\t\t\t\t<div class=\"elementor-element elementor-element-e3a448d elementor-widget elementor-widget-html\" data-id=\"e3a448d\" data-element_type=\"widget\" data-widget_type=\"html.default\">\n\t\t\t\t<div class=\"elementor-widget-container\">\n\t\t\t\t\t<iframe src=\"https:\/\/www.google.com\/maps\/embed?pb=!1m18!1m12!1m3!1d7965.166838377545!2d-76.54224400585127!3d3.4509845899034945!2m3!1f0!2f0!3f0!3m2!1i1024!2i768!4f13.1!3m3!1m2!1s0x0%3A0x4121d6b7790110c!2sCASA%20DEL%20HIDALGO!5e0!3m2!1ses!2sco!4v1617383908213!5m2!1ses!2sco\" width=\"600\" height=\"450\" style=\"border:0;\" allowfullscreen=\"\" loading=\"lazy\"><\/iframe>\t\t\t\t<\/div>\n\t\t\t\t<\/div>\n\t\t\t\t\t<\/div>\n\t\t<\/div>\n\t\t\t\t\t<\/div>\n\t\t<\/section>\n\t\t\t\t<\/div>","protected":false},"excerpt":{"rendered":"<p>Estamos para ayudarte. Cont\u00e1ctanos para resolver tus inquietudes, recibir m\u00e1s informaci\u00f3n o planear tu pr\u00f3xima estad\u00eda en Casa del Hidalgo. Facebook Instagram Colombia I Cali &#8211; Valle del Cauca Avenida 4 Norte No. 5-04\u00a0 Barrio Centenario (602) 395 93 98 \/ (602) 396 37 61 \u00a0reservas@casadelhidalgo.com administraci\u00f3n@casadelhidalgo.com<\/p>","protected":false},"author":1,"featured_media":0,"parent":0,"menu_order":0,"comment_status":"closed","ping_status":"closed","template":"","meta":{"ocean_post_layout":"full-width","ocean_both_sidebars_style":"","ocean_both_sidebars_content_width":0,"ocean_both_sidebars_sidebars_width":0,"ocean_sidebar":"0","ocean_second_sidebar":"0","ocean_disable_margins":"on","ocean_add_body_class":"","ocean_shortcode_before_top_bar":"","ocean_shortcode_after_top_bar":"","ocean_shortcode_before_header":"","ocean_shortcode_after_header":"","ocean_has_shortcode":"","ocean_shortcode_after_title":"","ocean_shortcode_before_footer_widgets":"","ocean_shortcode_after_footer_widgets":"","ocean_shortcode_before_footer_bottom":"","ocean_shortcode_after_footer_bottom":"","ocean_display_top_bar":"default","ocean_display_header":"default","ocean_header_style":"minimal","ocean_center_header_left_menu":"0","ocean_custom_header_template":"0","ocean_custom_logo":0,"ocean_custom_retina_logo":0,"ocean_custom_logo_max_width":0,"ocean_custom_logo_tablet_max_width":0,"ocean_custom_logo_mobile_max_width":0,"ocean_custom_logo_max_height":0,"ocean_custom_logo_tablet_max_height":0,"ocean_custom_logo_mobile_max_height":0,"ocean_header_custom_menu":"0","ocean_menu_typo_font_family":"0","ocean_menu_typo_font_subset":"","ocean_menu_typo_font_size":0,"ocean_menu_typo_font_size_tablet":0,"ocean_menu_typo_font_size_mobile":0,"ocean_menu_typo_font_size_unit":"px","ocean_menu_typo_font_weight":"","ocean_menu_typo_font_weight_tablet":"","ocean_menu_typo_font_weight_mobile":"","ocean_menu_typo_transform":"","ocean_menu_typo_transform_tablet":"","ocean_menu_typo_transform_mobile":"","ocean_menu_typo_line_height":0,"ocean_menu_typo_line_height_tablet":0,"ocean_menu_typo_line_height_mobile":0,"ocean_menu_typo_line_height_unit":"","ocean_menu_typo_spacing":0,"ocean_menu_typo_spacing_tablet":0,"ocean_menu_typo_spacing_mobile":0,"ocean_menu_typo_spacing_unit":"","ocean_menu_link_color":"","ocean_menu_link_color_hover":"","ocean_menu_link_color_active":"","ocean_menu_link_background":"","ocean_menu_link_hover_background":"","ocean_menu_link_active_background":"","ocean_menu_social_links_bg":"","ocean_menu_social_hover_links_bg":"","ocean_menu_social_links_color":"","ocean_menu_social_hover_links_color":"","ocean_disable_title":"on","ocean_disable_heading":"default","ocean_post_title":"","ocean_post_subheading":"","ocean_post_title_style":"","ocean_post_title_background_color":"","ocean_post_title_background":0,"ocean_post_title_bg_image_position":"","ocean_post_title_bg_image_attachment":"","ocean_post_title_bg_image_repeat":"","ocean_post_title_bg_image_size":"","ocean_post_title_height":0,"ocean_post_title_bg_overlay":0.5,"ocean_post_title_bg_overlay_color":"","ocean_disable_breadcrumbs":"default","ocean_breadcrumbs_color":"","ocean_breadcrumbs_separator_color":"","ocean_breadcrumbs_links_color":"","ocean_breadcrumbs_links_hover_color":"","ocean_display_footer_widgets":"default","ocean_display_footer_bottom":"default","ocean_custom_footer_template":"0","footnotes":""},"class_list":["post-1769","page","type-page","status-publish","hentry","entry"],"yoast_head":"<!-- This site is optimized with the Yoast SEO plugin v27.3 - https:\/\/yoast.com\/product\/yoast-seo-wordpress\/ -->\n<title>Contacto - Casa del hidalgo<\/title>\n<meta name=\"robots\" content=\"index, follow, max-snippet:-1, max-image-preview:large, max-video-preview:-1\" \/>\n<link rel=\"canonical\" href=\"https:\/\/www.casadelhidalgo.com\/en\/contacto\/\" \/>\n<meta property=\"og:locale\" content=\"en_US\" \/>\n<meta property=\"og:type\" content=\"article\" \/>\n<meta property=\"og:title\" content=\"Contacto - Casa del hidalgo\" \/>\n<meta property=\"og:description\" content=\"Estamos para ayudarte. Cont\u00e1ctanos para resolver tus inquietudes, recibir m\u00e1s informaci\u00f3n o planear tu pr\u00f3xima estad\u00eda en Casa del Hidalgo. Facebook Instagram Colombia I Cali &#8211; Valle del Cauca Avenida 4 Norte No. 5-04\u00a0 Barrio Centenario (602) 395 93 98 \/ (602) 396 37 61 \u00a0reservas@casadelhidalgo.com administraci\u00f3n@casadelhidalgo.com\" \/>\n<meta property=\"og:url\" content=\"https:\/\/www.casadelhidalgo.com\/en\/contacto\/\" \/>\n<meta property=\"og:site_name\" content=\"Casa del hidalgo\" \/>\n<meta property=\"article:publisher\" content=\"https:\/\/www.facebook.com\/casadelhidalgo\" \/>\n<meta property=\"article:modified_time\" content=\"2026-05-07T00:29:54+00:00\" \/>\n<meta name=\"twitter:card\" content=\"summary_large_image\" \/>\n<meta name=\"twitter:label1\" content=\"Est. reading time\" \/>\n\t<meta name=\"twitter:data1\" content=\"1 minute\" \/>\n<script type=\"application\/ld+json\" class=\"yoast-schema-graph\">{\"@context\":\"https:\\\/\\\/schema.org\",\"@graph\":[{\"@type\":\"WebPage\",\"@id\":\"https:\\\/\\\/www.casadelhidalgo.com\\\/contacto\\\/\",\"url\":\"https:\\\/\\\/www.casadelhidalgo.com\\\/contacto\\\/\",\"name\":\"Contacto - Casa del hidalgo\",\"isPartOf\":{\"@id\":\"https:\\\/\\\/www.casadelhidalgo.com\\\/#website\"},\"datePublished\":\"2021-02-27T12:41:26+00:00\",\"dateModified\":\"2026-05-07T00:29:54+00:00\",\"breadcrumb\":{\"@id\":\"https:\\\/\\\/www.casadelhidalgo.com\\\/contacto\\\/#breadcrumb\"},\"inLanguage\":\"en-US\",\"potentialAction\":[{\"@type\":\"ReadAction\",\"target\":[\"https:\\\/\\\/www.casadelhidalgo.com\\\/contacto\\\/\"]}]},{\"@type\":\"BreadcrumbList\",\"@id\":\"https:\\\/\\\/www.casadelhidalgo.com\\\/contacto\\\/#breadcrumb\",\"itemListElement\":[{\"@type\":\"ListItem\",\"position\":1,\"name\":\"Portada\",\"item\":\"https:\\\/\\\/www.casadelhidalgo.com\\\/\"},{\"@type\":\"ListItem\",\"position\":2,\"name\":\"Contacto\"}]},{\"@type\":\"WebSite\",\"@id\":\"https:\\\/\\\/www.casadelhidalgo.com\\\/#website\",\"url\":\"https:\\\/\\\/www.casadelhidalgo.com\\\/\",\"name\":\"Casa del hidalgo\",\"description\":\"Casa del hidalgo\",\"publisher\":{\"@id\":\"https:\\\/\\\/www.casadelhidalgo.com\\\/#organization\"},\"potentialAction\":[{\"@type\":\"SearchAction\",\"target\":{\"@type\":\"EntryPoint\",\"urlTemplate\":\"https:\\\/\\\/www.casadelhidalgo.com\\\/?s={search_term_string}\"},\"query-input\":{\"@type\":\"PropertyValueSpecification\",\"valueRequired\":true,\"valueName\":\"search_term_string\"}}],\"inLanguage\":\"en-US\"},{\"@type\":\"Organization\",\"@id\":\"https:\\\/\\\/www.casadelhidalgo.com\\\/#organization\",\"name\":\"Casa del hidalgo\",\"url\":\"https:\\\/\\\/www.casadelhidalgo.com\\\/\",\"logo\":{\"@type\":\"ImageObject\",\"inLanguage\":\"en-US\",\"@id\":\"https:\\\/\\\/www.casadelhidalgo.com\\\/#\\\/schema\\\/logo\\\/image\\\/\",\"url\":\"https:\\\/\\\/www.casadelhidalgo.com\\\/wp-content\\\/uploads\\\/2021\\\/03\\\/logo_dorado.png\",\"contentUrl\":\"https:\\\/\\\/www.casadelhidalgo.com\\\/wp-content\\\/uploads\\\/2021\\\/03\\\/logo_dorado.png\",\"width\":858,\"height\":471,\"caption\":\"Casa del hidalgo\"},\"image\":{\"@id\":\"https:\\\/\\\/www.casadelhidalgo.com\\\/#\\\/schema\\\/logo\\\/image\\\/\"},\"sameAs\":[\"https:\\\/\\\/www.facebook.com\\\/casadelhidalgo\",\"https:\\\/\\\/www.instagram.com\\\/casadelhidalgo\"]}]}<\/script>\n<!-- \/ Yoast SEO plugin. -->","yoast_head_json":{"title":"Contacto - Casa del hidalgo","robots":{"index":"index","follow":"follow","max-snippet":"max-snippet:-1","max-image-preview":"max-image-preview:large","max-video-preview":"max-video-preview:-1"},"canonical":"https:\/\/www.casadelhidalgo.com\/en\/contacto\/","og_locale":"en_US","og_type":"article","og_title":"Contacto - Casa del hidalgo","og_description":"Estamos para ayudarte. Cont\u00e1ctanos para resolver tus inquietudes, recibir m\u00e1s informaci\u00f3n o planear tu pr\u00f3xima estad\u00eda en Casa del Hidalgo. Facebook Instagram Colombia I Cali &#8211; Valle del Cauca Avenida 4 Norte No. 5-04\u00a0 Barrio Centenario (602) 395 93 98 \/ (602) 396 37 61 \u00a0reservas@casadelhidalgo.com administraci\u00f3n@casadelhidalgo.com","og_url":"https:\/\/www.casadelhidalgo.com\/en\/contacto\/","og_site_name":"Casa del hidalgo","article_publisher":"https:\/\/www.facebook.com\/casadelhidalgo","article_modified_time":"2026-05-07T00:29:54+00:00","twitter_card":"summary_large_image","twitter_misc":{"Est. reading time":"1 minute"},"schema":{"@context":"https:\/\/schema.org","@graph":[{"@type":"WebPage","@id":"https:\/\/www.casadelhidalgo.com\/contacto\/","url":"https:\/\/www.casadelhidalgo.com\/contacto\/","name":"Contacto - Casa del hidalgo","isPartOf":{"@id":"https:\/\/www.casadelhidalgo.com\/#website"},"datePublished":"2021-02-27T12:41:26+00:00","dateModified":"2026-05-07T00:29:54+00:00","breadcrumb":{"@id":"https:\/\/www.casadelhidalgo.com\/contacto\/#breadcrumb"},"inLanguage":"en-US","potentialAction":[{"@type":"ReadAction","target":["https:\/\/www.casadelhidalgo.com\/contacto\/"]}]},{"@type":"BreadcrumbList","@id":"https:\/\/www.casadelhidalgo.com\/contacto\/#breadcrumb","itemListElement":[{"@type":"ListItem","position":1,"name":"Portada","item":"https:\/\/www.casadelhidalgo.com\/"},{"@type":"ListItem","position":2,"name":"Contacto"}]},{"@type":"WebSite","@id":"https:\/\/www.casadelhidalgo.com\/#website","url":"https:\/\/www.casadelhidalgo.com\/","name":"Casa del hidalgo","description":"Casa del hidalgo","publisher":{"@id":"https:\/\/www.casadelhidalgo.com\/#organization"},"potentialAction":[{"@type":"SearchAction","target":{"@type":"EntryPoint","urlTemplate":"https:\/\/www.casadelhidalgo.com\/?s={search_term_string}"},"query-input":{"@type":"PropertyValueSpecification","valueRequired":true,"valueName":"search_term_string"}}],"inLanguage":"en-US"},{"@type":"Organization","@id":"https:\/\/www.casadelhidalgo.com\/#organization","name":"Casa del hidalgo","url":"https:\/\/www.casadelhidalgo.com\/","logo":{"@type":"ImageObject","inLanguage":"en-US","@id":"https:\/\/www.casadelhidalgo.com\/#\/schema\/logo\/image\/","url":"https:\/\/www.casadelhidalgo.com\/wp-content\/uploads\/2021\/03\/logo_dorado.png","contentUrl":"https:\/\/www.casadelhidalgo.com\/wp-content\/uploads\/2021\/03\/logo_dorado.png","width":858,"height":471,"caption":"Casa del hidalgo"},"image":{"@id":"https:\/\/www.casadelhidalgo.com\/#\/schema\/logo\/image\/"},"sameAs":["https:\/\/www.facebook.com\/casadelhidalgo","https:\/\/www.instagram.com\/casadelhidalgo"]}]}},"_links":{"self":[{"href":"https:\/\/www.casadelhidalgo.com\/en\/wp-json\/wp\/v2\/pages\/1769","targetHints":{"allow":["GET"]}}],"collection":[{"href":"https:\/\/www.casadelhidalgo.com\/en\/wp-json\/wp\/v2\/pages"}],"about":[{"href":"https:\/\/www.casadelhidalgo.com\/en\/wp-json\/wp\/v2\/types\/page"}],"author":[{"embeddable":true,"href":"https:\/\/www.casadelhidalgo.com\/en\/wp-json\/wp\/v2\/users\/1"}],"replies":[{"embeddable":true,"href":"https:\/\/www.casadelhidalgo.com\/en\/wp-json\/wp\/v2\/comments?post=1769"}],"version-history":[{"count":0,"href":"https:\/\/www.casadelhidalgo.com\/en\/wp-json\/wp\/v2\/pages\/1769\/revisions"}],"wp:attachment":[{"href":"https:\/\/www.casadelhidalgo.com\/en\/wp-json\/wp\/v2\/media?parent=1769"}],"curies":[{"name":"wp","href":"https:\/\/api.w.org\/{rel}","templated":true}]}}